{"id":8,"date":"2016-04-07T12:05:13","date_gmt":"2016-04-07T12:05:13","guid":{"rendered":"http:\/\/tvkallstadt.de\/?page_id=8"},"modified":"2016-04-07T12:05:13","modified_gmt":"2016-04-07T12:05:13","slug":"willkommen-auf-unserer-homepage","status":"publish","type":"page","link":"https:\/\/tvkallstadt.de\/","title":{"rendered":"Willkommen auf unserer Homepage"},"content":{"rendered":"<p>Wir sind ein traditioneller Turnverein und haben im Jahr 2011 unser 125-j\u00e4hriges Vereinsjubil\u00e4um gefeiert.<\/p>\n<p>Als klassischer <span class=\"text_exposed_show\">Breitensportanbieter decken wir \u00fcber eine breite Basis Sportaktivit\u00e4ten f\u00fcr Kleinkinder bis hin zu Senioren ab.<\/span><\/p>\n<p>Mit unseren eigenen Sporteinrichtungen k\u00f6nnen wir dieses Angebot gew\u00e4hrleisten. Unsere Turnhalle mit eigener B\u00fchne und ein Gymnastiksaal sind bestens geeignet f\u00fcr eine Vielzahl von Aktivit\u00e4ten.<\/p>\n<p>Der nahe gelegene Sportplatz bietet neben einem Fu\u00dfballfeld diverse Leichtathletikeinrichtungen, sowie ein neues Beachvolleyballfeld und eine Boulebahn f\u00fcr jeden Freiluftsportler etwas an.<\/p>\n<p>Unsere Grundschule Kallstadt sowie der Kindergarten nutzen unsere Einrichtungen t\u00e4glich intensiv.<\/p>\n<p>Daneben haben wir uns auch der Geselligkeit verschrieben und bilden somit f\u00fcr unsere Gemeinde einen wichtigen kulturellen Mittelpunkt.<\/p>\n<p>Regelm\u00e4\u00dfige Theatervorf\u00fchrungen unserer \u201eSaumagenb\u00fchne\u201c oder unsere \u201eDorffasnacht\u201c ziehen eine gro\u00dfe Zahl von Besuchern an und haben somit einen wesentlichen Anteil am d\u00f6rflichen Gemeinschaftsleben.<\/p>\n<p>Unsere Ausschankt\u00e4tigkeiten am \u201eFest der 100 Weine\u201c um den 1. Mai und an unserer \u201eSaumagenkerwe\u201c im September helfen uns, dieses Angebot zu tragen.<\/p>\n","protected":false},"excerpt":{"rendered":"<p>Wir sind ein traditioneller Turnverein und haben im Jahr 2011 unser 125-j\u00e4hriges Vereinsjubil\u00e4um gefeiert. Als klassischer Breitensportanbieter decken wir \u00fcber eine breite Basis Sportaktivit\u00e4ten f\u00fcr Kleinkinder bis hin zu Senioren ab. Mit unseren eigenen Sporteinrichtungen k\u00f6nnen wir dieses Angebot gew\u00e4hrleisten. Unsere Turnhalle mit eigener B\u00fchne und ein Gymnastiksaal sind bestens geeignet f\u00fcr eine Vielzahl von &hellip; <a href=\"https:\/\/tvkallstadt.de\/\" class=\"more-link\"><span class=\"screen-reader-text\">\u201eWillkommen auf unserer Homepage\u201c<\/span> weiterlesen<\/a><\/p>\n","protected":false},"author":1,"featured_media":0,"parent":0,"menu_order":0,"comment_status":"closed","ping_status":"closed","template":"","meta":{"footnotes":""},"class_list":["post-8","page","type-page","status-publish","hentry"],"_links":{"self":[{"href":"https:\/\/tvkallstadt.de\/index.php?rest_route=\/wp\/v2\/pages\/8","targetHints":{"allow":["GET"]}}],"collection":[{"href":"https:\/\/tvkallstadt.de\/index.php?rest_route=\/wp\/v2\/pages"}],"about":[{"href":"https:\/\/tvkallstadt.de\/index.php?rest_route=\/wp\/v2\/types\/page"}],"author":[{"embeddable":true,"href":"https:\/\/tvkallstadt.de\/index.php?rest_route=\/wp\/v2\/users\/1"}],"replies":[{"embeddable":true,"href":"https:\/\/tvkallstadt.de\/index.php?rest_route=%2Fwp%2Fv2%2Fcomments&post=8"}],"version-history":[{"count":2,"href":"https:\/\/tvkallstadt.de\/index.php?rest_route=\/wp\/v2\/pages\/8\/revisions"}],"predecessor-version":[{"id":12,"href":"https:\/\/tvkallstadt.de\/index.php?rest_route=\/wp\/v2\/pages\/8\/revisions\/12"}],"wp:attachment":[{"href":"https:\/\/tvkallstadt.de\/index.php?rest_route=%2Fwp%2Fv2%2Fmedia&parent=8"}],"curies":[{"name":"wp","href":"https:\/\/api.w.org\/{rel}","templated":true}]}}