{"id":341,"date":"2023-07-26T08:38:03","date_gmt":"2023-07-26T07:38:03","guid":{"rendered":"https:\/\/tvkallstadt.de\/?page_id=341"},"modified":"2023-07-26T10:11:20","modified_gmt":"2023-07-26T09:11:20","slug":"tanzsport-historie","status":"publish","type":"page","link":"https:\/\/tvkallstadt.de\/?page_id=341","title":{"rendered":"Tanzsport &#8211; Historie"},"content":{"rendered":"<nav class=\"has-text-color has-bright-blue-color items-justified-left wp-block-navigation is-horizontal is-content-justification-left is-layout-flex wp-container-core-navigation-is-layout-92fc3979 wp-block-navigation-is-layout-flex\"><ul class=\"wp-block-navigation__container has-text-color has-bright-blue-color items-justified-left wp-block-navigation\"><li class=\" wp-block-navigation-item wp-block-navigation-link\"><a class=\"wp-block-navigation-item__content\"  href=\"https:\/\/tvkallstadt.de\/?page_id=329\"><span class=\"wp-block-navigation-item__label\">Die Trainerin<\/span><\/a><\/li><li class=\" wp-block-navigation-item wp-block-navigation-link\"><a class=\"wp-block-navigation-item__content\"  href=\"https:\/\/tvkallstadt.de\/?page_id=341\"><span class=\"wp-block-navigation-item__label\">Historie<\/span><\/a><\/li><li class=\" wp-block-navigation-item wp-block-navigation-link\"><a class=\"wp-block-navigation-item__content\"  href=\"https:\/\/tvkallstadt.de\/?page_id=344\"><span class=\"wp-block-navigation-item__label\">Mitglied werden<\/span><\/a><\/li><li class=\" wp-block-navigation-item wp-block-navigation-link\"><a class=\"wp-block-navigation-item__content\"  href=\"https:\/\/tvkallstadt.de\/?page_id=347\"><span class=\"wp-block-navigation-item__label\">Repertoire<\/span><\/a><\/li><li class=\" wp-block-navigation-item wp-block-navigation-link\"><a class=\"wp-block-navigation-item__content\"  href=\"https:\/\/tvkallstadt.de\/?page_id=351\"><span class=\"wp-block-navigation-item__label\">\u00dcbungsabende<\/span><\/a><\/li><li class=\" wp-block-navigation-item wp-block-navigation-link\"><a class=\"wp-block-navigation-item__content\"  href=\"https:\/\/tvkallstadt.de\/?page_id=356\"><span class=\"wp-block-navigation-item__label\">Vereinsleben<\/span><\/a><\/li><li class=\" wp-block-navigation-item wp-block-navigation-link\"><a class=\"wp-block-navigation-item__content\"  href=\"https:\/\/tvkallstadt.de\/?page_id=359\"><span class=\"wp-block-navigation-item__label\">Kontakt<\/span><\/a><\/li><\/ul><\/nav>\n\n\n<p><\/p>\n\n\n\n<div class=\"wp-block-columns is-layout-flex wp-container-core-columns-is-layout-9d6595d7 wp-block-columns-is-layout-flex\">\n<div class=\"wp-block-column is-layout-flow wp-block-column-is-layout-flow\" style=\"flex-basis:66.66%\">\n<p><\/p>\n\n\n\n<p>Die Tanzsportabteilung wurde 1995 von Klaus und Helga Steinmetz gegr\u00fcndet.<\/p>\n\n\n\n<p>Die Beiden geh\u00f6ren auch heute noch zum Kreis unserer aktiven Paare und Klaus leitete \u00fcber viele Jahre das Training.<\/p>\n<\/div>\n\n\n\n<div class=\"wp-block-column is-layout-flow wp-block-column-is-layout-flow\" style=\"flex-basis:33.33%\"><div class=\"wp-block-image\">\n<figure class=\"aligncenter size-full\"><img loading=\"lazy\" decoding=\"async\" width=\"117\" height=\"266\" src=\"https:\/\/tvkallstadt.de\/wp-content\/uploads\/2023\/07\/Tanz-Logo.png\" alt=\"\" class=\"wp-image-288\"\/><\/figure><\/div><\/div>\n<\/div>\n\n\n\n<div class=\"wp-block-columns is-layout-flex wp-container-core-columns-is-layout-9d6595d7 wp-block-columns-is-layout-flex\">\n<div class=\"wp-block-column is-layout-flow wp-block-column-is-layout-flow\" style=\"flex-basis:50%\"><div class=\"wp-block-image\">\n<figure class=\"aligncenter size-full is-resized\"><img loading=\"lazy\" decoding=\"async\" src=\"https:\/\/tvkallstadt.de\/wp-content\/uploads\/2023\/07\/Historie.png\" alt=\"\" class=\"wp-image-342\" width=\"208\" height=\"279\" srcset=\"https:\/\/tvkallstadt.de\/wp-content\/uploads\/2023\/07\/Historie.png 301w, https:\/\/tvkallstadt.de\/wp-content\/uploads\/2023\/07\/Historie-224x300.png 224w\" sizes=\"auto, (max-width: 208px) 85vw, 208px\" \/><\/figure><\/div>\n\n\n<p class=\"has-text-align-center\">Helga und Klaus Steinmetz, Kim Ganopolsky<\/p>\n<\/div>\n\n\n\n<div class=\"wp-block-column is-layout-flow wp-block-column-is-layout-flow\" style=\"flex-basis:50%\">\n<blockquote class=\"wp-block-quote is-layout-flow wp-block-quote-is-layout-flow\">\n<p>\u201eW\u00fcrden wir mehr tanzen, die Welt w\u00e4re eine andere!\u201c<\/p>\n<cite>Andreas Nero Nick<\/cite><\/blockquote>\n<\/div>\n<\/div>\n","protected":false},"excerpt":{"rendered":"<p>Die Tanzsportabteilung wurde 1995 von Klaus und Helga Steinmetz gegr\u00fcndet. Die Beiden geh\u00f6ren auch heute noch zum Kreis unserer aktiven Paare und Klaus leitete \u00fcber viele Jahre das Training. Helga und Klaus Steinmetz, Kim Ganopolsky \u201eW\u00fcrden wir mehr tanzen, die Welt w\u00e4re eine andere!\u201c<\/p>\n","protected":false},"author":1,"featured_media":0,"parent":282,"menu_order":0,"comment_status":"closed","ping_status":"closed","template":"","meta":{"footnotes":""},"class_list":["post-341","page","type-page","status-publish","hentry"],"_links":{"self":[{"href":"https:\/\/tvkallstadt.de\/index.php?rest_route=\/wp\/v2\/pages\/341","targetHints":{"allow":["GET"]}}],"collection":[{"href":"https:\/\/tvkallstadt.de\/index.php?rest_route=\/wp\/v2\/pages"}],"about":[{"href":"https:\/\/tvkallstadt.de\/index.php?rest_route=\/wp\/v2\/types\/page"}],"author":[{"embeddable":true,"href":"https:\/\/tvkallstadt.de\/index.php?rest_route=\/wp\/v2\/users\/1"}],"replies":[{"embeddable":true,"href":"https:\/\/tvkallstadt.de\/index.php?rest_route=%2Fwp%2Fv2%2Fcomments&post=341"}],"version-history":[{"count":7,"href":"https:\/\/tvkallstadt.de\/index.php?rest_route=\/wp\/v2\/pages\/341\/revisions"}],"predecessor-version":[{"id":417,"href":"https:\/\/tvkallstadt.de\/index.php?rest_route=\/wp\/v2\/pages\/341\/revisions\/417"}],"up":[{"embeddable":true,"href":"https:\/\/tvkallstadt.de\/index.php?rest_route=\/wp\/v2\/pages\/282"}],"wp:attachment":[{"href":"https:\/\/tvkallstadt.de\/index.php?rest_route=%2Fwp%2Fv2%2Fmedia&parent=341"}],"curies":[{"name":"wp","href":"https:\/\/api.w.org\/{rel}","templated":true}]}}