{"id":136,"date":"2018-06-05T13:25:51","date_gmt":"2018-06-05T12:25:51","guid":{"rendered":"http:\/\/tvkallstadt.de\/?page_id=136"},"modified":"2018-06-05T15:31:50","modified_gmt":"2018-06-05T14:31:50","slug":"tischtennis","status":"publish","type":"page","link":"https:\/\/tvkallstadt.de\/?page_id=136","title":{"rendered":"Tischtennis"},"content":{"rendered":"<p><strong>Der Turnverein 1886 e.V. gratuliert seiner Tischtennis-Abteilung zur erfolgreichen Saison 2017\/2018!<\/strong><\/p>\n<p>Die Abteilung hat mit zwei Mannschaften am aktiven Spielbetrieb teilgenommen und dabei hervorragende Leistungen gezeigt.<\/p>\n<p>Die 1. Mannschaft hat in der stark besetzten Kreisliga S\u00fcd einen beachtlichen Mittelfeldplatz belegt und lange Zeit im vorderen Drittel der Tabelle gestanden.<\/p>\n<p>Noch besser hat sich die 2. Mannschaft geschlagen, die fast ausschlie\u00dflich aus Sp\u00e4teinsteigern besteht. Sie hat den Aufstieg von der Kreisklasse B S\u00fcd in die Kreisklasse A S\u00fcd geschafft.<\/p>\n<p>Wir freuen uns alle mit den Aktiven und begl\u00fcckw\u00fcnschen alle im Namen des gesamten Vorstandes recht herzlich.<\/p>\n<p>Kallstadt im Mai 2018<\/p>\n","protected":false},"excerpt":{"rendered":"<p>Der Turnverein 1886 e.V. gratuliert seiner Tischtennis-Abteilung zur erfolgreichen Saison 2017\/2018! Die Abteilung hat mit zwei Mannschaften am aktiven Spielbetrieb teilgenommen und dabei hervorragende Leistungen gezeigt. Die 1. Mannschaft hat in der stark besetzten Kreisliga S\u00fcd einen beachtlichen Mittelfeldplatz belegt und lange Zeit im vorderen Drittel der Tabelle gestanden. Noch besser hat sich die 2. &hellip; <a href=\"https:\/\/tvkallstadt.de\/?page_id=136\" class=\"more-link\"><span class=\"screen-reader-text\">\u201eTischtennis\u201c<\/span> weiterlesen<\/a><\/p>\n","protected":false},"author":1,"featured_media":0,"parent":0,"menu_order":0,"comment_status":"closed","ping_status":"closed","template":"","meta":{"footnotes":""},"class_list":["post-136","page","type-page","status-publish","hentry"],"_links":{"self":[{"href":"https:\/\/tvkallstadt.de\/index.php?rest_route=\/wp\/v2\/pages\/136","targetHints":{"allow":["GET"]}}],"collection":[{"href":"https:\/\/tvkallstadt.de\/index.php?rest_route=\/wp\/v2\/pages"}],"about":[{"href":"https:\/\/tvkallstadt.de\/index.php?rest_route=\/wp\/v2\/types\/page"}],"author":[{"embeddable":true,"href":"https:\/\/tvkallstadt.de\/index.php?rest_route=\/wp\/v2\/users\/1"}],"replies":[{"embeddable":true,"href":"https:\/\/tvkallstadt.de\/index.php?rest_route=%2Fwp%2Fv2%2Fcomments&post=136"}],"version-history":[{"count":4,"href":"https:\/\/tvkallstadt.de\/index.php?rest_route=\/wp\/v2\/pages\/136\/revisions"}],"predecessor-version":[{"id":175,"href":"https:\/\/tvkallstadt.de\/index.php?rest_route=\/wp\/v2\/pages\/136\/revisions\/175"}],"wp:attachment":[{"href":"https:\/\/tvkallstadt.de\/index.php?rest_route=%2Fwp%2Fv2%2Fmedia&parent=136"}],"curies":[{"name":"wp","href":"https:\/\/api.w.org\/{rel}","templated":true}]}}